{"id":56,"date":"2024-07-31T09:11:06","date_gmt":"2024-07-31T07:11:06","guid":{"rendered":"https:\/\/wordpress76.gcms.verdigado.net\/ovschwarzenbruck\/?page_id=56"},"modified":"2025-01-10T00:26:20","modified_gmt":"2025-01-09T23:26:20","slug":"eigene-webseite","status":"publish","type":"page","link":"https:\/\/wordpress76.gcms.verdigado.net\/ovschwarzenbruck\/eigene-webseite\/","title":{"rendered":"Eigene Webseite des OV"},"content":{"rendered":"\n<p><a href=\"https:\/\/www.gruene-schwarzenbruck.de\/\"><img loading=\"lazy\" decoding=\"async\" width=\"550\" height=\"111\" class=\"wp-image-57\" style=\"width: 550px;\" src=\"https:\/\/wordpress76.gcms.verdigado.net\/ovschwarzenbruck\/wp-content\/uploads\/sites\/18\/2024\/07\/weiterleitung_schwarzenbruck.jpg\" alt=\"\" srcset=\"https:\/\/wordpress76.gcms.verdigado.net\/ovschwarzenbruck\/wp-content\/uploads\/sites\/18\/2024\/07\/weiterleitung_schwarzenbruck.jpg 630w, https:\/\/wordpress76.gcms.verdigado.net\/ovschwarzenbruck\/wp-content\/uploads\/sites\/18\/2024\/07\/weiterleitung_schwarzenbruck-300x60.jpg 300w\" sizes=\"auto, (max-width: 550px) 100vw, 550px\" \/><\/a> <\/p>\n\n\n\n<p><img loading=\"lazy\" decoding=\"async\" width=\"40\" height=\"40\" class=\"wp-image-77\" style=\"width: 40px;\" src=\"https:\/\/wordpress76.gcms.verdigado.net\/ovschwarzenbruck\/wp-content\/uploads\/sites\/18\/2024\/12\/Achtung.jpg\" alt=\"\" srcset=\"https:\/\/wordpress76.gcms.verdigado.net\/ovschwarzenbruck\/wp-content\/uploads\/sites\/18\/2024\/12\/Achtung.jpg 600w, https:\/\/wordpress76.gcms.verdigado.net\/ovschwarzenbruck\/wp-content\/uploads\/sites\/18\/2024\/12\/Achtung-300x300.jpg 300w, https:\/\/wordpress76.gcms.verdigado.net\/ovschwarzenbruck\/wp-content\/uploads\/sites\/18\/2024\/12\/Achtung-150x150.jpg 150w\" sizes=\"auto, (max-width: 40px) 100vw, 40px\" \/> &#8222;Die Inhalte der verlinkten externen Webseite liegen au\u00dferhalb unseres Einflussbereichs. F\u00fcr die Richtigkeit, Vollst\u00e4ndigkeit und Aktualit\u00e4t der Inhalte \u00fcbernehmen wir keine Gew\u00e4hr.&#8220;<\/p>\n\n\n\n<p><\/p>\n","protected":false},"excerpt":{"rendered":"<p>&#8222;Die Inhalte der verlinkten externen Webseite liegen au\u00dferhalb unseres Einflussbereichs. F\u00fcr die Richtigkeit, Vollst\u00e4ndigkeit und Aktualit\u00e4t der Inhalte \u00fcbernehmen wir keine Gew\u00e4hr.&#8220;<\/p>\n","protected":false},"author":2,"featured_media":0,"parent":0,"menu_order":0,"comment_status":"closed","ping_status":"closed","template":"","meta":{"footnotes":""},"class_list":["post-56","page","type-page","status-publish","hentry"],"_links":{"self":[{"href":"https:\/\/wordpress76.gcms.verdigado.net\/ovschwarzenbruck\/wp-json\/wp\/v2\/pages\/56","targetHints":{"allow":["GET"]}}],"collection":[{"href":"https:\/\/wordpress76.gcms.verdigado.net\/ovschwarzenbruck\/wp-json\/wp\/v2\/pages"}],"about":[{"href":"https:\/\/wordpress76.gcms.verdigado.net\/ovschwarzenbruck\/wp-json\/wp\/v2\/types\/page"}],"author":[{"embeddable":true,"href":"https:\/\/wordpress76.gcms.verdigado.net\/ovschwarzenbruck\/wp-json\/wp\/v2\/users\/2"}],"replies":[{"embeddable":true,"href":"https:\/\/wordpress76.gcms.verdigado.net\/ovschwarzenbruck\/wp-json\/wp\/v2\/comments?post=56"}],"version-history":[{"count":4,"href":"https:\/\/wordpress76.gcms.verdigado.net\/ovschwarzenbruck\/wp-json\/wp\/v2\/pages\/56\/revisions"}],"predecessor-version":[{"id":83,"href":"https:\/\/wordpress76.gcms.verdigado.net\/ovschwarzenbruck\/wp-json\/wp\/v2\/pages\/56\/revisions\/83"}],"wp:attachment":[{"href":"https:\/\/wordpress76.gcms.verdigado.net\/ovschwarzenbruck\/wp-json\/wp\/v2\/media?parent=56"}],"curies":[{"name":"wp","href":"https:\/\/api.w.org\/{rel}","templated":true}]}}