{"id":31,"date":"2024-07-23T17:05:41","date_gmt":"2024-07-23T15:05:41","guid":{"rendered":"https:\/\/wordpress76.gcms.verdigado.net\/ovschwarzenbruck\/?page_id=31"},"modified":"2024-07-23T17:14:10","modified_gmt":"2024-07-23T15:14:10","slug":"magazin","status":"publish","type":"page","link":"https:\/\/wordpress76.gcms.verdigado.net\/ovschwarzenbruck\/magazin\/","title":{"rendered":"Magazin"},"content":{"rendered":"\n<h6 class=\"wp-block-heading\">SPURWECHSEL<\/h6>\n\n\n\n<h2 class=\"wp-block-heading\">&nbsp;DAS MAGAZIN DER SCHWARZENBRUCKER GR\u00dcNEN<\/h2>\n\n\n\n<p class=\"has-large-font-size\">Nummer\u00a04 unseres Spurwechsel-Magazins<\/p>\n\n\n\n<p>folgt im September<\/p>\n\n\n\n<p class=\"has-grashalm-background-color has-background\"><\/p>\n\n\n\n<p class=\"has-large-font-size\">Nummer&nbsp;3 unseres Spurwechsel-Magazins<\/p>\n\n\n\n<p>Hier ist die dritte Ausgabe des neuen \u201eGr\u00fcnen Magazins\u201c des Ortsverbandes und der Fraktion von B\u00fcndnis90\/ DIE GR\u00dcNEN Schwarzenbrucks .<\/p>\n\n\n\n<p class=\"has-text-align-center\"><img loading=\"lazy\" decoding=\"async\" width=\"250\" height=\"355\" class=\"wp-image-37\" style=\"width: 250px;\" src=\"https:\/\/wordpress76.gcms.verdigado.net\/ovschwarzenbruck\/wp-content\/uploads\/sites\/18\/2024\/07\/Magazin-3-Schwarzenbruck-2024.jpeg\" alt=\"\" srcset=\"https:\/\/wordpress76.gcms.verdigado.net\/ovschwarzenbruck\/wp-content\/uploads\/sites\/18\/2024\/07\/Magazin-3-Schwarzenbruck-2024.jpeg 451w, https:\/\/wordpress76.gcms.verdigado.net\/ovschwarzenbruck\/wp-content\/uploads\/sites\/18\/2024\/07\/Magazin-3-Schwarzenbruck-2024-211x300.jpeg 211w\" sizes=\"auto, (max-width: 250px) 100vw, 250px\" \/> <\/p>\n\n\n\n<p>Zeitenwende<\/p>\n\n\n\n<p>Deutschland ist am Morgen des 24. Februar 2022 besonders unsanft in einer neuen Welt aufgewacht. Der russische Angriff auf die Ukraine, der an diesem Tag begann, hat zwei \u00dcberzeugungen aufgeweicht, an denen vor allem Deutschland jahrelang festgehalten hat: dass internationale Konflikte zum einen durch V\u00f6lkerrecht und Diplomatie, zum anderen durch einen freien globalen Warenverkehr eingehegt werden k\u00f6nnen.<br>Das Recht ist verstummt, die Handelsbilanzen verlieren an Wert \u2013 die Waffen sprechen. Und sie tun dies mit einer hemmungslosen, entfesselten Brutalit\u00e4t, die sich kaum in Worte fassen l\u00e4sst. Russland bombt in der Ukraine den Traum einer liberalen, rechtsstaatlichen und demokratischen Ordnung in Schutt und Asche. Russland f\u00fchrt zwar Krieg gegen die Ukraine, sein Angriff richtet sich aber indirekt auch gegen die Grundprinzipien unserer westlichen Ordnung, von der die Ukraine in den letzten Jahren zunehmend inspiriert war.<br>Dies macht uns vor Ort wieder vieles sehr deutlich: Unsere Ordnung, unser Staat ist nicht nur Dienstleister, der just in time und ma\u00dfgeschneidert Freiheit und Wohlstand nach individuellen W\u00fcnschen zu liefern hat und den wir ver\u00e4chtlich machen und bek\u00e4mpfen k\u00f6nnen, wenn das Gelieferte nicht unseren Vorstellungen entspricht.<br>Unsere Ordnung bietet jedem Einzelnen von uns auch einen grundlegenden, existentiellen Schutz, f\u00fcr den wir alle einstehen und den wir verteidigen m\u00fcssen. Zivilisation ist nicht, wie wir lange Jahre geglaubt haben, einfach so vorhanden. Sie hat ihren Preis. Und sie \u00fcberlebt nur, wenn wir alle bereit sind, f\u00fcr sie Verantwortung zu \u00fcbernehmen. Zivilisation richtet sich nicht nach uns. Wir m\u00fcssen uns stattdessen in unserem Tun daran ausrichten, was dem Erhalt unserer Zivilisation dient. In diesem Perspektivwechsel besteht die Zeitenwende, von der Olaf Scholz sprach.<br>Es ist gro\u00dfartig, dass alle Fraktionen des Schwarzenbrucker Gemeinderats ihre Zwistigkeiten vor\u00fcbergehend haben ruhen lassen, um gemeinsam an B\u00fcrgermeister Holzammer zu appellieren, ukrainische Fl\u00fcchtlinge aufzunehmen.<br>Doch wir m\u00fcssen mehr tun. Schwarzenbruck braucht endlich eine Ortsentwicklung, die unsere Gemeinde auch in Hinblick auf grundlegende zivilisatorische Erfordernisse widerstandsf\u00e4hig macht. Wenn selbst FDP-Finanzminister Lindner erneuerbare Energien als \u201eFriedensenergien\u201c bezeichnet, die russischem Erdgas vorzuziehen sind, leitet sich vor Ort die Forderung ab, in den kommenden Jahren st\u00e4rker in Klimaschutz statt in zus\u00e4tzliche Parkpl\u00e4tze zu investieren. Umso wichtiger ist es, die Position des Klimaschutzmanagers schnell zu besetzen, um alle M\u00f6glichkeiten zum Klimaschutz zu erschlie\u00dfen und F\u00f6rderma\u00dfnahmen abzuleiten.<br>Der Ukraine-Krieg macht somit auch deutlich: Klimaschutz und erneuerbare Energien auch vor Ort sind nichts, wor\u00fcber man vielleicht mal demn\u00e4chst nachdenken k\u00f6nnte. Sie sind eine unabdingbare und sofort auch kommunal mit aller Kraft anzugehende Forderung, wenn wir unsere zivilisatorische Ordnung sch\u00fctzen und verteidigen wollen.<\/p>\n\n\n\n<p><br>Die Zeitenwende betrifft uns alle. Auch in Schwarzenbruck.<\/p>\n\n\n\n<p class=\"has-grashalm-background-color has-background\"><\/p>\n\n\n\n<p class=\"has-large-font-size\">Nummer 2 unseres Spurwechsel-Magazins<\/p>\n\n\n\n<p>Hier ist die&nbsp;zweite Ausgabe des neuen \u201eGr\u00fcnen Magazins\u201c des Ortsverbandes und der Fraktion von B\u00dcNDNIS 90\/DIE GR\u00dcNEN Schwarzenbrucks .<\/p>\n\n\n\n<p class=\"has-text-align-center\"><img loading=\"lazy\" decoding=\"async\" width=\"250\" height=\"359\" class=\"wp-image-36\" style=\"width: 250px;\" src=\"https:\/\/wordpress76.gcms.verdigado.net\/ovschwarzenbruck\/wp-content\/uploads\/sites\/18\/2024\/07\/Magazin-2-Schwarzenbruck-2024.jpeg\" alt=\"\" srcset=\"https:\/\/wordpress76.gcms.verdigado.net\/ovschwarzenbruck\/wp-content\/uploads\/sites\/18\/2024\/07\/Magazin-2-Schwarzenbruck-2024.jpeg 297w, https:\/\/wordpress76.gcms.verdigado.net\/ovschwarzenbruck\/wp-content\/uploads\/sites\/18\/2024\/07\/Magazin-2-Schwarzenbruck-2024-209x300.jpeg 209w\" sizes=\"auto, (max-width: 250px) 100vw, 250px\" \/> <\/p>\n\n\n\n<p><strong>\u201eDamit alles so bleibt wie es ist,&nbsp;<\/strong><strong>muss sich alles \u00e4ndern\u201c<\/strong><\/p>\n\n\n\n<p><strong>D<\/strong>ieses Zitat aus Guiseppe Tomasi de Lampedusas Roman \u201eDer Leopard\u201c beschreibt treffend das Dilemma, in dem wir alle stecken: Wenn wir langfristig allen zuk\u00fcnftigen Generationen ein Leben erm\u00f6glichen wollen, das dem unsrigen an Freiheit und Wohlstand \u00e4hnelt, muss jeder Einzelne von uns heute beginnen, seinen ressourcenverbrauchenden Lebensstil zu \u00e4ndern. Gelingt dies nicht, d\u00fcrften wir noch erleben, wie Teile der Erde nur unter sehr hohen sozialen und wirtschaftlichen Kosten bewohnbar bleiben. Heute noch gr\u00fcne Landstriche, werden sich schnell in W\u00fcsten verwandeln, wenn sie &#8211; wie der amerikanische Nordwesten im Juni \u2013 \u00fcber eine l\u00e4ngere Zeit Temperaturen um 50\u00ba C ausgesetzt sind.<\/p>\n\n\n\n<p><strong>O<\/strong>hne politische Unterst\u00fctzung wird eine breitenwirksame \u00c4nderung unseres Lebensstils nicht gelingen.<br>Unsere Infrastruktur muss von Ressourcenverbrauch und fossiler Energieerzeugung schnellstm\u00f6glich auf Ressourcenschonung, Nachhaltigkeit und regenerative Energieerzeugung umgestellt werden. Wir brauchen schnell eine andere Energie-, eine andere Verkehrs-, eine andere Landwirtschafts-, eine andere Wirtschaftspolitik.<br>Und wir ben\u00f6tigen eine Politik des sozialen Ausgleichs, die einen \u00f6kologisch verantwortungsvollen Lebensstil nicht nur den Reichen erm\u00f6glicht.<\/p>\n\n\n\n<p><strong>B\u00fcndnis 90 \/DIE GR\u00dcNEN sind bereit, diese Herausforderung anzugehen.<\/strong><\/p>\n\n\n\n<p><strong>V<\/strong>ielen ist das Wahlprogramm der Gr\u00fcnen zu \u201eb\u00fcrgerlich\u201c. Anderen geht es viel zu weit. Wenn sich alles \u00e4ndern muss, damit alles so bleibt, wie es ist, wird man es niemandem recht macht k\u00f6nnen. Aber allen, denen die Zukunft unserer Kinder und unserer Enkel am Herzen liegt, egal mit welcher Partei sie sympathisieren, muss bei<br>der Wahl am 26. September folgendes klar sein:<\/p>\n\n\n\n<p><strong>D<\/strong>ie Wissenschaft ist sich weitgehend einig dar\u00fcber, dass uns noch ca. 10 Jahre bleiben, um die schlimmsten Auswirkungen des Klimawandels einzud\u00e4mmen. Schaffen wir in den kommenden 10 Jahren keine echte Wende, d\u00fcrften dessen schon sichtbare Folgen unumkehrbar und vor allem unkontrollierbar werden. Wir stimmen<br>am 26. September also \u00fcber nichts Geringeres als dar\u00fcber ab, ob und welchen Beitrag wir dazu leisten wollen, dass die Erde dauerhaft f\u00fcr unsere Kinder, Enkel und alle nachfolgenden Generationen ein bewohnbarer Ort bleibt. Das hei\u00dft auch: Egal, ob man die Gr\u00fcnen mag oder nicht.<\/p>\n\n\n\n<p><strong>N<\/strong>ur mit starken Gr\u00fcnen in Regierungsverantwortung besteht die Chance, all die n\u00f6tigen Strukturver\u00e4nderungen anzugehen, die unseren Kindern und Enkeln die Erde lebenswerten Ort hinterl\u00e4sst.<\/p>\n\n\n\n<p class=\"has-grashalm-background-color has-background\"><\/p>\n\n\n\n<p class=\"has-large-font-size\">Nummer&nbsp;1 unseres Spurwechsel-Magazins<\/p>\n\n\n\n<p>Hier ist die erste Ausgabe des neuen \u201eGr\u00fcnen Magazins\u201c des Ortsverbandes und der Fraktion von B\u00dcNDNIS 90\/DIE GR\u00dcNEN Schwarzenbrucks .<\/p>\n\n\n\n<p class=\"has-text-align-center\"><img loading=\"lazy\" decoding=\"async\" width=\"250\" height=\"355\" class=\"wp-image-35\" style=\"width: 250px;\" src=\"https:\/\/wordpress76.gcms.verdigado.net\/ovschwarzenbruck\/wp-content\/uploads\/sites\/18\/2024\/07\/Magazin-1-Schwarzenbruck-2024.jpeg\" alt=\"\" srcset=\"https:\/\/wordpress76.gcms.verdigado.net\/ovschwarzenbruck\/wp-content\/uploads\/sites\/18\/2024\/07\/Magazin-1-Schwarzenbruck-2024.jpeg 307w, https:\/\/wordpress76.gcms.verdigado.net\/ovschwarzenbruck\/wp-content\/uploads\/sites\/18\/2024\/07\/Magazin-1-Schwarzenbruck-2024-211x300.jpeg 211w\" sizes=\"auto, (max-width: 250px) 100vw, 250px\" \/> <\/p>\n\n\n\n<p><strong>Warum ein eigenes \u201eGr\u00fcnes Magazin\u201c f\u00fcr Schwarzenbruck?<\/strong><br>Da wir ein kleiner Ortsverband und bisher auch eine kleine Fraktion im Gemeinderat sind, sind unsere M\u00f6glichkeiten, Aktionen und Ideen wie die Kindertheatervorstellungen und der Gr\u00fcne Markt der Ideen automatisch begrenzt, meist auf ein einziges Thema bezogen und im Gemeinderat von Mehrheiten abh\u00e4ngig.<br>Uns liegt es aber am Herzen, Sie in gr\u00f6\u00dferem Umfang \u00fcber uns, unsere Ideen und Ziele und unsere Partner zu informieren \u2013 und das nicht nur politisch im Sinne von \u201ewir sind gegen das, was die anderen wollen\u201c. Dies f\u00fchrt zu keiner Entwicklung und man kommt nicht voran, indem man nur \u201egegen\u201c etwas arbeitet. Wir wollen \u201ef\u00fcr\u201c etwas arbeiten: F\u00fcr Schwarzenbruck und f\u00fcr ein lebens- und liebenswertes Umfeld, das auch noch f\u00fcr unsere Kinder und Enkel*innen lebenswert sein soll. Daf\u00fcr<br>haben wir konkrete Ideen und blicken aus ganz verschiedenen Lebensperspektiven und mit unterschiedlichen Erfahrungen auf unseren Ort. Teils als Zugezogene und relativ Neue, aber viele von uns stammen auch aus Schwarzenbruck oder sind nach l\u00e4ngerer Abwesenheit wieder zur\u00fcckgekehrt.<\/p>\n\n\n\n<p><strong>Warum \u201eSpurwechsel\u201c?<\/strong><br>Viele gesellschaftliche und politische Entscheidungen der Vergangenheit waren passend f\u00fcr ihre Zeit. Aber sp\u00e4testens seit den gro\u00dfen Bewegungen wie \u201eFridays for Future\u201c und seit der Corona-Pandemie ist den meisten klargeworden, dass ein einfaches und m\u00f6glichst schnelles \u201eWeiter so\u201c uns Menschen und unsere Lebensgrundlage krankmacht und unseren Kindern und Enkelkindern ihre Lebensgrundlage nimmt. Was jeder und jede von uns tun kann, damit dies nicht geschieht, dass es<br>dabei nicht um ein \u201eWegnehmen\u201c und \u201eVerbieten\u201c geht und das, was wir tun \u2013 das m\u00f6chten wir Ihnen<br>hier vorstellen.<br>Und vielleicht merken Sie, auch wenn Sie kein\/e Gr\u00fcnen-W\u00e4hler\/in sind, bei der ein oder anderen Idee: \u201eStimmt \u2013 das w\u00e4re sch\u00f6n f\u00fcr Schwarzenbruck.\u201c Dann informieren wir Sie nat\u00fcrlich auch gerne, wie Sie uns bei unserer Arbeit unterst\u00fctzen k\u00f6nnen. Denn eines ist klar: Nicht erst seit Corona sind die Herausforderungen auch bei uns im kleinen Ort so gro\u00df, dass wir sie nur zusammen meistern k\u00f6nnen. Dass man dabei aber auch viel Freude haben kann: Das m\u00f6chten wir Ihnen vermitteln! Also w\u00fcnschen wir Ihnen erst einmal viel Freude beim Lesen und vielleicht sehen wir uns ja einmal bei Gelegenheit!<\/p>\n","protected":false},"excerpt":{"rendered":"<p>SPURWECHSEL &nbsp;DAS MAGAZIN DER SCHWARZENBRUCKER GR\u00dcNEN Nummer\u00a04 unseres Spurwechsel-Magazins folgt im September Nummer&nbsp;3 unseres Spurwechsel-Magazins Hier ist die dritte Ausgabe des neuen \u201eGr\u00fcnen Magazins\u201c des Ortsverbandes und der Fraktion von [&hellip;]<\/p>\n","protected":false},"author":2,"featured_media":0,"parent":0,"menu_order":0,"comment_status":"closed","ping_status":"closed","template":"","meta":{"footnotes":""},"class_list":["post-31","page","type-page","status-publish","hentry"],"_links":{"self":[{"href":"https:\/\/wordpress76.gcms.verdigado.net\/ovschwarzenbruck\/wp-json\/wp\/v2\/pages\/31","targetHints":{"allow":["GET"]}}],"collection":[{"href":"https:\/\/wordpress76.gcms.verdigado.net\/ovschwarzenbruck\/wp-json\/wp\/v2\/pages"}],"about":[{"href":"https:\/\/wordpress76.gcms.verdigado.net\/ovschwarzenbruck\/wp-json\/wp\/v2\/types\/page"}],"author":[{"embeddable":true,"href":"https:\/\/wordpress76.gcms.verdigado.net\/ovschwarzenbruck\/wp-json\/wp\/v2\/users\/2"}],"replies":[{"embeddable":true,"href":"https:\/\/wordpress76.gcms.verdigado.net\/ovschwarzenbruck\/wp-json\/wp\/v2\/comments?post=31"}],"version-history":[{"count":2,"href":"https:\/\/wordpress76.gcms.verdigado.net\/ovschwarzenbruck\/wp-json\/wp\/v2\/pages\/31\/revisions"}],"predecessor-version":[{"id":38,"href":"https:\/\/wordpress76.gcms.verdigado.net\/ovschwarzenbruck\/wp-json\/wp\/v2\/pages\/31\/revisions\/38"}],"wp:attachment":[{"href":"https:\/\/wordpress76.gcms.verdigado.net\/ovschwarzenbruck\/wp-json\/wp\/v2\/media?parent=31"}],"curies":[{"name":"wp","href":"https:\/\/api.w.org\/{rel}","templated":true}]}}